{"id":15,"date":"2021-09-12T04:59:21","date_gmt":"2021-09-12T04:59:21","guid":{"rendered":"https:\/\/atitlan.org\/contact\/"},"modified":"2025-09-18T19:39:08","modified_gmt":"2025-09-18T19:39:08","slug":"contacto","status":"publish","type":"page","link":"https:\/\/atitlan.org\/en\/contacto\/","title":{"rendered":"Cont\u00e1ctanos"},"content":{"rendered":"whatsapp 5410-1054 \u00f3 +50254101054\n\n<p style=\"font-family:roboto;font-weight:500;font-size:14px;line-height:1.8;text-align:center;color:#5d5d5d\">Centro Comercial Tinamit maya local A-6 panajachel, solola, Guatemala. correo:&nbsp; mailguate@gmail.com<\/p>\n\n\npagina de contacto&nbsp;\n<p style=\"font-family:roboto;font-weight:400;font-size:13px;line-height:1.8;text-align:center;color:#fff\">Todav\u00eda estamos dando&nbsp; mantenimiento a nuestra p\u00e1gina de contacto whatsapp directo 502 5410-1054 con Jos\u00e9 Ratz\u00e1n<\/p>\n\n\n\n\n\n\n\n\n\n\n\n\n\n\n\n\n\n\n\n\ncontactanos","protected":false},"excerpt":{"rendered":"","protected":false},"author":1,"featured_media":0,"parent":0,"menu_order":0,"comment_status":"closed","ping_status":"closed","template":"","meta":{"pagelayer_contact_templates":[],"_pagelayer_content":"","footnotes":""},"class_list":["post-15","page","type-page","status-publish","hentry"],"yoast_head":"<!-- This site is optimized with the Yoast SEO plugin v26.2 - https:\/\/yoast.com\/wordpress\/plugins\/seo\/ -->\n<title>Cont\u00e1ctanos - Artesanias Santiago Atitlan asa<\/title>\n<meta name=\"robots\" content=\"index, follow, max-snippet:-1, max-image-preview:large, max-video-preview:-1\" \/>\n<link rel=\"canonical\" href=\"https:\/\/atitlan.org\/en\/contacto\/\" \/>\n<meta property=\"og:locale\" content=\"en_US\" \/>\n<meta property=\"og:type\" content=\"article\" \/>\n<meta property=\"og:title\" content=\"Cont\u00e1ctanos - Artesanias Santiago Atitlan asa\" \/>\n<meta property=\"og:url\" content=\"https:\/\/atitlan.org\/en\/contacto\/\" \/>\n<meta property=\"og:site_name\" content=\"Artesanias Santiago Atitlan asa\" \/>\n<meta property=\"article:publisher\" content=\"https:\/\/www.facebook.com\/artesaniassantiagoatitlan\" \/>\n<meta property=\"article:modified_time\" content=\"2025-09-18T19:39:08+00:00\" \/>\n<meta name=\"twitter:card\" content=\"summary_large_image\" \/>\n<meta name=\"twitter:site\" content=\"@santiagoatitlan\" \/>\n<script type=\"application\/ld+json\" class=\"yoast-schema-graph\">{\"@context\":\"https:\/\/schema.org\",\"@graph\":[{\"@type\":\"WebPage\",\"@id\":\"https:\/\/atitlan.org\/contacto\/\",\"url\":\"https:\/\/atitlan.org\/contacto\/\",\"name\":\"Cont\u00e1ctanos - Artesanias Santiago Atitlan asa\",\"isPartOf\":{\"@id\":\"https:\/\/atitlan.org\/#website\"},\"datePublished\":\"2021-09-12T04:59:21+00:00\",\"dateModified\":\"2025-09-18T19:39:08+00:00\",\"breadcrumb\":{\"@id\":\"https:\/\/atitlan.org\/contacto\/#breadcrumb\"},\"inLanguage\":\"en-US\",\"potentialAction\":[{\"@type\":\"ReadAction\",\"target\":[\"https:\/\/atitlan.org\/contacto\/\"]}]},{\"@type\":\"BreadcrumbList\",\"@id\":\"https:\/\/atitlan.org\/contacto\/#breadcrumb\",\"itemListElement\":[{\"@type\":\"ListItem\",\"position\":1,\"name\":\"Portada\",\"item\":\"https:\/\/atitlan.org\/\"},{\"@type\":\"ListItem\",\"position\":2,\"name\":\"Cont\u00e1ctanos\"}]},{\"@type\":\"WebSite\",\"@id\":\"https:\/\/atitlan.org\/#website\",\"url\":\"https:\/\/atitlan.org\/\",\"name\":\"Artesanias Santiago Atitlan asa\",\"description\":\"venta dise\u00f1o exportacion artesanias\",\"publisher\":{\"@id\":\"https:\/\/atitlan.org\/#organization\"},\"potentialAction\":[{\"@type\":\"SearchAction\",\"target\":{\"@type\":\"EntryPoint\",\"urlTemplate\":\"https:\/\/atitlan.org\/?s={search_term_string}\"},\"query-input\":{\"@type\":\"PropertyValueSpecification\",\"valueRequired\":true,\"valueName\":\"search_term_string\"}}],\"inLanguage\":\"en-US\"},{\"@type\":\"Organization\",\"@id\":\"https:\/\/atitlan.org\/#organization\",\"name\":\"Artesanias Santiago Atitlan asa\",\"url\":\"https:\/\/atitlan.org\/\",\"logo\":{\"@type\":\"ImageObject\",\"inLanguage\":\"en-US\",\"@id\":\"https:\/\/atitlan.org\/#\/schema\/logo\/image\/\",\"url\":\"https:\/\/atitlan.org\/wp-content\/uploads\/2025\/09\/logo-atitlan-org.jpg\",\"contentUrl\":\"https:\/\/atitlan.org\/wp-content\/uploads\/2025\/09\/logo-atitlan-org.jpg\",\"width\":220,\"height\":100,\"caption\":\"Artesanias Santiago Atitlan asa\"},\"image\":{\"@id\":\"https:\/\/atitlan.org\/#\/schema\/logo\/image\/\"},\"sameAs\":[\"https:\/\/www.facebook.com\/artesaniassantiagoatitlan\",\"https:\/\/x.com\/santiagoatitlan\"]}]}<\/script>\n<!-- \/ Yoast SEO plugin. -->","yoast_head_json":{"title":"Cont\u00e1ctanos - Artesanias Santiago Atitlan asa","robots":{"index":"index","follow":"follow","max-snippet":"max-snippet:-1","max-image-preview":"max-image-preview:large","max-video-preview":"max-video-preview:-1"},"canonical":"https:\/\/atitlan.org\/en\/contacto\/","og_locale":"en_US","og_type":"article","og_title":"Cont\u00e1ctanos - Artesanias Santiago Atitlan asa","og_url":"https:\/\/atitlan.org\/en\/contacto\/","og_site_name":"Artesanias Santiago Atitlan asa","article_publisher":"https:\/\/www.facebook.com\/artesaniassantiagoatitlan","article_modified_time":"2025-09-18T19:39:08+00:00","twitter_card":"summary_large_image","twitter_site":"@santiagoatitlan","schema":{"@context":"https:\/\/schema.org","@graph":[{"@type":"WebPage","@id":"https:\/\/atitlan.org\/contacto\/","url":"https:\/\/atitlan.org\/contacto\/","name":"Cont\u00e1ctanos - Artesanias Santiago Atitlan asa","isPartOf":{"@id":"https:\/\/atitlan.org\/#website"},"datePublished":"2021-09-12T04:59:21+00:00","dateModified":"2025-09-18T19:39:08+00:00","breadcrumb":{"@id":"https:\/\/atitlan.org\/contacto\/#breadcrumb"},"inLanguage":"en-US","potentialAction":[{"@type":"ReadAction","target":["https:\/\/atitlan.org\/contacto\/"]}]},{"@type":"BreadcrumbList","@id":"https:\/\/atitlan.org\/contacto\/#breadcrumb","itemListElement":[{"@type":"ListItem","position":1,"name":"Portada","item":"https:\/\/atitlan.org\/"},{"@type":"ListItem","position":2,"name":"Cont\u00e1ctanos"}]},{"@type":"WebSite","@id":"https:\/\/atitlan.org\/#website","url":"https:\/\/atitlan.org\/","name":"Artesanias Santiago Atitlan asa","description":"venta dise\u00f1o exportacion artesanias","publisher":{"@id":"https:\/\/atitlan.org\/#organization"},"potentialAction":[{"@type":"SearchAction","target":{"@type":"EntryPoint","urlTemplate":"https:\/\/atitlan.org\/?s={search_term_string}"},"query-input":{"@type":"PropertyValueSpecification","valueRequired":true,"valueName":"search_term_string"}}],"inLanguage":"en-US"},{"@type":"Organization","@id":"https:\/\/atitlan.org\/#organization","name":"Artesanias Santiago Atitlan asa","url":"https:\/\/atitlan.org\/","logo":{"@type":"ImageObject","inLanguage":"en-US","@id":"https:\/\/atitlan.org\/#\/schema\/logo\/image\/","url":"https:\/\/atitlan.org\/wp-content\/uploads\/2025\/09\/logo-atitlan-org.jpg","contentUrl":"https:\/\/atitlan.org\/wp-content\/uploads\/2025\/09\/logo-atitlan-org.jpg","width":220,"height":100,"caption":"Artesanias Santiago Atitlan asa"},"image":{"@id":"https:\/\/atitlan.org\/#\/schema\/logo\/image\/"},"sameAs":["https:\/\/www.facebook.com\/artesaniassantiagoatitlan","https:\/\/x.com\/santiagoatitlan"]}]}},"jetpack_sharing_enabled":true,"_links":{"self":[{"href":"https:\/\/atitlan.org\/en\/wp-json\/wp\/v2\/pages\/15","targetHints":{"allow":["GET"]}}],"collection":[{"href":"https:\/\/atitlan.org\/en\/wp-json\/wp\/v2\/pages"}],"about":[{"href":"https:\/\/atitlan.org\/en\/wp-json\/wp\/v2\/types\/page"}],"author":[{"embeddable":true,"href":"https:\/\/atitlan.org\/en\/wp-json\/wp\/v2\/users\/1"}],"replies":[{"embeddable":true,"href":"https:\/\/atitlan.org\/en\/wp-json\/wp\/v2\/comments?post=15"}],"version-history":[{"count":7,"href":"https:\/\/atitlan.org\/en\/wp-json\/wp\/v2\/pages\/15\/revisions"}],"predecessor-version":[{"id":230,"href":"https:\/\/atitlan.org\/en\/wp-json\/wp\/v2\/pages\/15\/revisions\/230"}],"wp:attachment":[{"href":"https:\/\/atitlan.org\/en\/wp-json\/wp\/v2\/media?parent=15"}],"curies":[{"name":"wp","href":"https:\/\/api.w.org\/{rel}","templated":true}]}}