{"id":16,"date":"2021-09-12T04:59:21","date_gmt":"2021-09-12T04:59:21","guid":{"rendered":"https:\/\/atitlan.org\/about-2\/"},"modified":"2021-12-09T06:36:42","modified_gmt":"2021-12-09T06:36:42","slug":"trabajo-grupal","status":"publish","type":"page","link":"https:\/\/atitlan.org\/en\/trabajo-grupal\/","title":{"rendered":"Trabajo en Grupo"},"content":{"rendered":"<h1 style=\"margin-bottom: 15px; padding-top: 15px; padding-bottom: 5px; font-style: normal; font-variant: normal; font-stretch: normal; font-size: 22.4px; line-height: normal; font-family: &quot;century gothic&quot;, arial, sans-serif; color: rgb(0, 0, 0); background-color: rgb(255, 255, 255);\"><strong><img decoding=\"async\" src=\"https:\/\/atitlan.org\/wp-content\/uploads\/2021\/12\/rr2.jpg\" alt=\"\" pl-media-id=\"102\" style=\"font-family: &quot;century gothic&quot;, arial, sans-serif; font-size: 22.4px; font-style: normal; font-variant-ligatures: normal; font-variant-caps: normal; color: rgb(238, 238, 238);\"><\/strong><\/h1><h1 style=\"margin-bottom: 15px; padding-top: 15px; padding-bottom: 5px; font-style: normal; font-variant: normal; font-stretch: normal; font-size: 22.4px; line-height: normal; font-family: &quot;century gothic&quot;, arial, sans-serif; color: rgb(0, 0, 0); background-color: rgb(255, 255, 255);\"><span style=\"font-family: &quot;century gothic&quot;, arial, sans-serif; font-size: 22.4px; font-style: normal; font-variant-ligatures: normal; font-variant-caps: normal;\"><strong>Trabajamos en grupo de diferentes area de trabajo en el municipio de Santiago Atitlan Solol\u00e1, Guatemala.<\/strong><\/span><br><\/h1><p style=\"padding-bottom: 20px; line-height: 1.7em; color: rgb(0, 0, 0); font-family: &quot;trebuchet ms&quot;, arial, sans-serif; font-size: 12.8px; font-style: normal; font-variant-ligatures: normal; font-variant-caps: normal; font-weight: 400; background-color: rgb(255, 255, 255);\"><strong>Grupo de Mujeres en Mostacillas:<\/strong>&nbsp;Este grupo se dedica hacer productos en mostacillas ya sea con aguja o telar para hacer dise\u00f1os como pulseras, collares, aretes, llaveros, etc, se les proporciona el material algunos de ellos lo elaboran en su casa alternando con su trabajo domestico.<\/p><p style=\"padding-bottom: 20px; line-height: 1.7em; color: rgb(0, 0, 0); font-family: &quot;trebuchet ms&quot;, arial, sans-serif; font-size: 12.8px; font-style: normal; font-variant-ligatures: normal; font-variant-caps: normal; font-weight: 400; background-color: rgb(255, 255, 255);\"><strong>Grupo de trabajo costura:<\/strong>&nbsp;Tenemos un grupo que confecciona en nuestro taller, ellos se encargan tambien de unir las piezas, por ejemplo los trabajos de mostacillas con el cuero y la revision de calidad de la misma.<\/p><p style=\"padding-bottom: 20px; line-height: 1.7em; color: rgb(0, 0, 0); font-family: &quot;trebuchet ms&quot;, arial, sans-serif; font-size: 12.8px; font-style: normal; font-variant-ligatures: normal; font-variant-caps: normal; font-weight: 400; background-color: rgb(255, 255, 255);\"><strong>Grupo de tejido y crochet:<\/strong>&nbsp;Este grupo se dedica hacer tejidos en tela como tambien elaborar en crochet gorras como kippa de diferentes dise\u00f1os que se les asigna, normalmente se llevan el material para poder hacerlo desde su casa.<\/p><p style=\"padding-bottom: 20px; line-height: 1.7em; color: rgb(0, 0, 0); font-family: &quot;trebuchet ms&quot;, arial, sans-serif; font-size: 12.8px; font-style: normal; font-variant-ligatures: normal; font-variant-caps: normal; font-weight: 400; background-color: rgb(255, 255, 255);\"><strong>Grupo de distribucion de materia prima:<\/strong>&nbsp;Este grupo se dedica a entregar material accesorios y materia prima necesaria para llevar a cabo los diferentes tipos de trabajo segun la necesidad requerida, como tambien del avance y supervision de calidad del trabajo.<\/p><p style=\"padding-bottom: 20px; line-height: 1.7em; color: rgb(0, 0, 0); font-family: &quot;trebuchet ms&quot;, arial, sans-serif; font-size: 12.8px; font-style: normal; font-variant-ligatures: normal; font-variant-caps: normal; font-weight: 400; background-color: rgb(255, 255, 255);\"><strong>Grupo de dise\u00f1o:<\/strong>&nbsp;Este grupo recibe de los clientes los dise\u00f1os y muestras que desean comprar, se adapta al gusto del cliente colores y dise\u00f1os, los dise\u00f1os propios solo se podra negociar respetando la privacidad y no distribuci\u00f3n de la misma pactando una cantidad requerida, nos adaptamos a los diferentes requerimientos y dise\u00f1os que nos piden adaptandonos de la temporada y localizacion desde donde se solicita el producto, siempre estamos presente en recibir ideas y novedades para surtir el mercado mayormente del exterior.<\/p><p style=\"padding-bottom: 20px; line-height: 1.7em; color: rgb(0, 0, 0); font-family: &quot;trebuchet ms&quot;, arial, sans-serif; font-size: 12.8px; font-style: normal; font-variant-ligatures: normal; font-variant-caps: normal; font-weight: 400; background-color: rgb(255, 255, 255);\"><strong>Grupo ventas:<\/strong>&nbsp;Estan en la sala de ventas en nuestro local calle santander a-6 en el centro comercial tinamit maya local a-6 Panajachel Solola Guatemala y los que promocionan en nuestra pagina web&nbsp;<a href=\"https:\/\/web.archive.org\/web\/20190531084019\/http:\/\/www.atitlan.org\/\" style=\"outline: none; text-decoration-line: underline; color: rgb(0, 0, 0);\">www.atitlan.org<\/a><\/p>","protected":false},"excerpt":{"rendered":"","protected":false},"author":1,"featured_media":0,"parent":0,"menu_order":0,"comment_status":"closed","ping_status":"closed","template":"","meta":{"pagelayer_contact_templates":[],"_pagelayer_content":"","footnotes":""},"class_list":["post-16","page","type-page","status-publish","hentry"],"yoast_head":"<!-- This site is optimized with the Yoast SEO plugin v26.2 - https:\/\/yoast.com\/wordpress\/plugins\/seo\/ -->\n<title>Trabajo en Grupo - Artesanias Santiago Atitlan asa<\/title>\n<meta name=\"robots\" content=\"index, follow, max-snippet:-1, max-image-preview:large, max-video-preview:-1\" \/>\n<link rel=\"canonical\" href=\"https:\/\/atitlan.org\/en\/trabajo-grupal\/\" \/>\n<meta property=\"og:locale\" content=\"en_US\" \/>\n<meta property=\"og:type\" content=\"article\" \/>\n<meta property=\"og:title\" content=\"Trabajo en Grupo - Artesanias Santiago Atitlan asa\" \/>\n<meta property=\"og:url\" content=\"https:\/\/atitlan.org\/en\/trabajo-grupal\/\" \/>\n<meta property=\"og:site_name\" content=\"Artesanias Santiago Atitlan asa\" \/>\n<meta property=\"article:publisher\" content=\"https:\/\/www.facebook.com\/artesaniassantiagoatitlan\" \/>\n<meta property=\"article:modified_time\" content=\"2021-12-09T06:36:42+00:00\" \/>\n<meta property=\"og:image\" content=\"https:\/\/atitlan.org\/wp-content\/uploads\/2021\/12\/rr2.jpg\" \/>\n<meta name=\"twitter:card\" content=\"summary_large_image\" \/>\n<meta name=\"twitter:site\" content=\"@santiagoatitlan\" \/>\n<meta name=\"twitter:label1\" content=\"Est. reading time\" \/>\n\t<meta name=\"twitter:data1\" content=\"2 minutes\" \/>\n<script type=\"application\/ld+json\" class=\"yoast-schema-graph\">{\"@context\":\"https:\/\/schema.org\",\"@graph\":[{\"@type\":\"WebPage\",\"@id\":\"https:\/\/atitlan.org\/trabajo-grupal\/\",\"url\":\"https:\/\/atitlan.org\/trabajo-grupal\/\",\"name\":\"Trabajo en Grupo - Artesanias Santiago Atitlan asa\",\"isPartOf\":{\"@id\":\"https:\/\/atitlan.org\/#website\"},\"primaryImageOfPage\":{\"@id\":\"https:\/\/atitlan.org\/trabajo-grupal\/#primaryimage\"},\"image\":{\"@id\":\"https:\/\/atitlan.org\/trabajo-grupal\/#primaryimage\"},\"thumbnailUrl\":\"https:\/\/atitlan.org\/wp-content\/uploads\/2021\/12\/rr2.jpg\",\"datePublished\":\"2021-09-12T04:59:21+00:00\",\"dateModified\":\"2021-12-09T06:36:42+00:00\",\"breadcrumb\":{\"@id\":\"https:\/\/atitlan.org\/trabajo-grupal\/#breadcrumb\"},\"inLanguage\":\"en-US\",\"potentialAction\":[{\"@type\":\"ReadAction\",\"target\":[\"https:\/\/atitlan.org\/trabajo-grupal\/\"]}]},{\"@type\":\"ImageObject\",\"inLanguage\":\"en-US\",\"@id\":\"https:\/\/atitlan.org\/trabajo-grupal\/#primaryimage\",\"url\":\"https:\/\/atitlan.org\/wp-content\/uploads\/2021\/12\/rr2.jpg\",\"contentUrl\":\"https:\/\/atitlan.org\/wp-content\/uploads\/2021\/12\/rr2.jpg\"},{\"@type\":\"BreadcrumbList\",\"@id\":\"https:\/\/atitlan.org\/trabajo-grupal\/#breadcrumb\",\"itemListElement\":[{\"@type\":\"ListItem\",\"position\":1,\"name\":\"Portada\",\"item\":\"https:\/\/atitlan.org\/\"},{\"@type\":\"ListItem\",\"position\":2,\"name\":\"Trabajo en Grupo\"}]},{\"@type\":\"WebSite\",\"@id\":\"https:\/\/atitlan.org\/#website\",\"url\":\"https:\/\/atitlan.org\/\",\"name\":\"Artesanias Santiago Atitlan asa\",\"description\":\"venta dise\u00f1o exportacion artesanias\",\"publisher\":{\"@id\":\"https:\/\/atitlan.org\/#organization\"},\"potentialAction\":[{\"@type\":\"SearchAction\",\"target\":{\"@type\":\"EntryPoint\",\"urlTemplate\":\"https:\/\/atitlan.org\/?s={search_term_string}\"},\"query-input\":{\"@type\":\"PropertyValueSpecification\",\"valueRequired\":true,\"valueName\":\"search_term_string\"}}],\"inLanguage\":\"en-US\"},{\"@type\":\"Organization\",\"@id\":\"https:\/\/atitlan.org\/#organization\",\"name\":\"Artesanias Santiago Atitlan asa\",\"url\":\"https:\/\/atitlan.org\/\",\"logo\":{\"@type\":\"ImageObject\",\"inLanguage\":\"en-US\",\"@id\":\"https:\/\/atitlan.org\/#\/schema\/logo\/image\/\",\"url\":\"https:\/\/atitlan.org\/wp-content\/uploads\/2025\/09\/logo-atitlan-org.jpg\",\"contentUrl\":\"https:\/\/atitlan.org\/wp-content\/uploads\/2025\/09\/logo-atitlan-org.jpg\",\"width\":220,\"height\":100,\"caption\":\"Artesanias Santiago Atitlan asa\"},\"image\":{\"@id\":\"https:\/\/atitlan.org\/#\/schema\/logo\/image\/\"},\"sameAs\":[\"https:\/\/www.facebook.com\/artesaniassantiagoatitlan\",\"https:\/\/x.com\/santiagoatitlan\"]}]}<\/script>\n<!-- \/ Yoast SEO plugin. -->","yoast_head_json":{"title":"Trabajo en Grupo - Artesanias Santiago Atitlan asa","robots":{"index":"index","follow":"follow","max-snippet":"max-snippet:-1","max-image-preview":"max-image-preview:large","max-video-preview":"max-video-preview:-1"},"canonical":"https:\/\/atitlan.org\/en\/trabajo-grupal\/","og_locale":"en_US","og_type":"article","og_title":"Trabajo en Grupo - Artesanias Santiago Atitlan asa","og_url":"https:\/\/atitlan.org\/en\/trabajo-grupal\/","og_site_name":"Artesanias Santiago Atitlan asa","article_publisher":"https:\/\/www.facebook.com\/artesaniassantiagoatitlan","article_modified_time":"2021-12-09T06:36:42+00:00","og_image":[{"url":"https:\/\/atitlan.org\/wp-content\/uploads\/2021\/12\/rr2.jpg","type":"","width":"","height":""}],"twitter_card":"summary_large_image","twitter_site":"@santiagoatitlan","twitter_misc":{"Est. reading time":"2 minutes"},"schema":{"@context":"https:\/\/schema.org","@graph":[{"@type":"WebPage","@id":"https:\/\/atitlan.org\/trabajo-grupal\/","url":"https:\/\/atitlan.org\/trabajo-grupal\/","name":"Trabajo en Grupo - Artesanias Santiago Atitlan asa","isPartOf":{"@id":"https:\/\/atitlan.org\/#website"},"primaryImageOfPage":{"@id":"https:\/\/atitlan.org\/trabajo-grupal\/#primaryimage"},"image":{"@id":"https:\/\/atitlan.org\/trabajo-grupal\/#primaryimage"},"thumbnailUrl":"https:\/\/atitlan.org\/wp-content\/uploads\/2021\/12\/rr2.jpg","datePublished":"2021-09-12T04:59:21+00:00","dateModified":"2021-12-09T06:36:42+00:00","breadcrumb":{"@id":"https:\/\/atitlan.org\/trabajo-grupal\/#breadcrumb"},"inLanguage":"en-US","potentialAction":[{"@type":"ReadAction","target":["https:\/\/atitlan.org\/trabajo-grupal\/"]}]},{"@type":"ImageObject","inLanguage":"en-US","@id":"https:\/\/atitlan.org\/trabajo-grupal\/#primaryimage","url":"https:\/\/atitlan.org\/wp-content\/uploads\/2021\/12\/rr2.jpg","contentUrl":"https:\/\/atitlan.org\/wp-content\/uploads\/2021\/12\/rr2.jpg"},{"@type":"BreadcrumbList","@id":"https:\/\/atitlan.org\/trabajo-grupal\/#breadcrumb","itemListElement":[{"@type":"ListItem","position":1,"name":"Portada","item":"https:\/\/atitlan.org\/"},{"@type":"ListItem","position":2,"name":"Trabajo en Grupo"}]},{"@type":"WebSite","@id":"https:\/\/atitlan.org\/#website","url":"https:\/\/atitlan.org\/","name":"Artesanias Santiago Atitlan asa","description":"venta dise\u00f1o exportacion artesanias","publisher":{"@id":"https:\/\/atitlan.org\/#organization"},"potentialAction":[{"@type":"SearchAction","target":{"@type":"EntryPoint","urlTemplate":"https:\/\/atitlan.org\/?s={search_term_string}"},"query-input":{"@type":"PropertyValueSpecification","valueRequired":true,"valueName":"search_term_string"}}],"inLanguage":"en-US"},{"@type":"Organization","@id":"https:\/\/atitlan.org\/#organization","name":"Artesanias Santiago Atitlan asa","url":"https:\/\/atitlan.org\/","logo":{"@type":"ImageObject","inLanguage":"en-US","@id":"https:\/\/atitlan.org\/#\/schema\/logo\/image\/","url":"https:\/\/atitlan.org\/wp-content\/uploads\/2025\/09\/logo-atitlan-org.jpg","contentUrl":"https:\/\/atitlan.org\/wp-content\/uploads\/2025\/09\/logo-atitlan-org.jpg","width":220,"height":100,"caption":"Artesanias Santiago Atitlan asa"},"image":{"@id":"https:\/\/atitlan.org\/#\/schema\/logo\/image\/"},"sameAs":["https:\/\/www.facebook.com\/artesaniassantiagoatitlan","https:\/\/x.com\/santiagoatitlan"]}]}},"jetpack_sharing_enabled":true,"_links":{"self":[{"href":"https:\/\/atitlan.org\/en\/wp-json\/wp\/v2\/pages\/16","targetHints":{"allow":["GET"]}}],"collection":[{"href":"https:\/\/atitlan.org\/en\/wp-json\/wp\/v2\/pages"}],"about":[{"href":"https:\/\/atitlan.org\/en\/wp-json\/wp\/v2\/types\/page"}],"author":[{"embeddable":true,"href":"https:\/\/atitlan.org\/en\/wp-json\/wp\/v2\/users\/1"}],"replies":[{"embeddable":true,"href":"https:\/\/atitlan.org\/en\/wp-json\/wp\/v2\/comments?post=16"}],"version-history":[{"count":20,"href":"https:\/\/atitlan.org\/en\/wp-json\/wp\/v2\/pages\/16\/revisions"}],"predecessor-version":[{"id":106,"href":"https:\/\/atitlan.org\/en\/wp-json\/wp\/v2\/pages\/16\/revisions\/106"}],"wp:attachment":[{"href":"https:\/\/atitlan.org\/en\/wp-json\/wp\/v2\/media?parent=16"}],"curies":[{"name":"wp","href":"https:\/\/api.w.org\/{rel}","templated":true}]}}