{"id":17,"date":"2021-09-12T04:59:21","date_gmt":"2021-09-12T04:59:21","guid":{"rendered":"https:\/\/atitlan.org\/home\/"},"modified":"2023-01-29T11:02:35","modified_gmt":"2023-01-29T11:02:35","slug":"inicio","status":"publish","type":"page","link":"https:\/\/atitlan.org\/en\/inicio\/","title":{"rendered":"Artesanias"},"content":{"rendered":"<span style=\"font-size: 25px; font-style: normal; font-variant-ligatures: normal; font-variant-caps: normal; letter-spacing: 5px; text-decoration-style: initial;\">BEADWORKS<\/span><br>\n\n<p style=\"font-family:roboto;font-weight:500;font-size:14px;line-height:1.8;text-align:center;color:#000\">Dedicaci\u00f3n a nuestro fundador: MARTIN RATZAN REANDA&nbsp;<\/p><p style=\"font-family:roboto;font-weight:500;font-size:14px;line-height:1.8;text-align:center;color:#000\">Nos dedicamos al Dise\u00f1o de Artesanias de Santiago Atitl\u00e1n Solol\u00e1, trayectoria en trabajos de varios dise\u00f1os&nbsp; con grupo de mujeres de&nbsp; nuestra comunidad varios a\u00f1os de experiencia en MOSTACILLAS O CHAQUIRAS, CUERO-MOSTACILLAS, TELA, CROCHET, MACRAM\u00c9, TEJIDO, EN TELAR, BORDADOS, ETC.<\/p><p style=\"font-family:roboto;font-weight:500;font-size:14px;line-height:1.8;text-align:center;color:#000\">nuestro taller: Cant\u00f3n Pachichaj Santiago Atitl\u00e1n, Solol\u00e1.<\/p><p style=\"font-family:roboto;font-weight:500;font-size:14px;line-height:1.8;text-align:center;color:#000\">Sala de Ventas: Centro comercial tinamit maya local a-6 panajachel, Solol\u00e1 Guatemala.<\/p><p style=\"font-family: roboto; font-size: 14px; line-height: 1.8; text-align: center; color: rgb(0, 0, 0);\">EXPORTAMOS POR CROPA PANALPINA&nbsp;<\/p><p style=\"font-family: roboto; font-size: 14px; line-height: 1.8; text-align: center; color: rgb(0, 0, 0);\"><a href=\"https:\/\/artesaniasatitlan.com\/\" style=\"\"><strong>www.artesaniasatitlan.com<\/strong><\/a><\/p>\n\n\n\n\n\n\n\n\n\n<p><font color=\"#000000\">MOSTACILLAS, CUERO Y TELA<\/font><\/p>","protected":false},"excerpt":{"rendered":"","protected":false},"author":1,"featured_media":0,"parent":0,"menu_order":0,"comment_status":"closed","ping_status":"closed","template":"","meta":{"pagelayer_contact_templates":[],"_pagelayer_content":"","footnotes":""},"class_list":["post-17","page","type-page","status-publish","hentry"],"yoast_head":"<!-- This site is optimized with the Yoast SEO plugin v26.2 - https:\/\/yoast.com\/wordpress\/plugins\/seo\/ -->\n<title>Artesanias - Artesanias Santiago Atitlan asa<\/title>\n<meta name=\"robots\" content=\"index, follow, max-snippet:-1, max-image-preview:large, max-video-preview:-1\" \/>\n<link rel=\"canonical\" href=\"https:\/\/atitlan.org\/en\/inicio\/\" \/>\n<meta property=\"og:locale\" content=\"en_US\" \/>\n<meta property=\"og:type\" content=\"article\" \/>\n<meta property=\"og:title\" content=\"Artesanias - Artesanias Santiago Atitlan asa\" \/>\n<meta property=\"og:url\" content=\"https:\/\/atitlan.org\/en\/inicio\/\" \/>\n<meta property=\"og:site_name\" content=\"Artesanias Santiago Atitlan asa\" \/>\n<meta property=\"article:publisher\" content=\"https:\/\/www.facebook.com\/artesaniassantiagoatitlan\" \/>\n<meta property=\"article:modified_time\" content=\"2023-01-29T11:02:35+00:00\" \/>\n<meta name=\"twitter:card\" content=\"summary_large_image\" \/>\n<meta name=\"twitter:site\" content=\"@santiagoatitlan\" \/>\n<script type=\"application\/ld+json\" class=\"yoast-schema-graph\">{\"@context\":\"https:\/\/schema.org\",\"@graph\":[{\"@type\":\"WebPage\",\"@id\":\"https:\/\/atitlan.org\/inicio\/\",\"url\":\"https:\/\/atitlan.org\/inicio\/\",\"name\":\"Artesanias - Artesanias Santiago Atitlan asa\",\"isPartOf\":{\"@id\":\"https:\/\/atitlan.org\/#website\"},\"datePublished\":\"2021-09-12T04:59:21+00:00\",\"dateModified\":\"2023-01-29T11:02:35+00:00\",\"breadcrumb\":{\"@id\":\"https:\/\/atitlan.org\/inicio\/#breadcrumb\"},\"inLanguage\":\"en-US\",\"potentialAction\":[{\"@type\":\"ReadAction\",\"target\":[\"https:\/\/atitlan.org\/inicio\/\"]}]},{\"@type\":\"BreadcrumbList\",\"@id\":\"https:\/\/atitlan.org\/inicio\/#breadcrumb\",\"itemListElement\":[{\"@type\":\"ListItem\",\"position\":1,\"name\":\"Portada\",\"item\":\"https:\/\/atitlan.org\/\"},{\"@type\":\"ListItem\",\"position\":2,\"name\":\"Artesanias\"}]},{\"@type\":\"WebSite\",\"@id\":\"https:\/\/atitlan.org\/#website\",\"url\":\"https:\/\/atitlan.org\/\",\"name\":\"Artesanias Santiago Atitlan asa\",\"description\":\"venta dise\u00f1o exportacion artesanias\",\"publisher\":{\"@id\":\"https:\/\/atitlan.org\/#organization\"},\"potentialAction\":[{\"@type\":\"SearchAction\",\"target\":{\"@type\":\"EntryPoint\",\"urlTemplate\":\"https:\/\/atitlan.org\/?s={search_term_string}\"},\"query-input\":{\"@type\":\"PropertyValueSpecification\",\"valueRequired\":true,\"valueName\":\"search_term_string\"}}],\"inLanguage\":\"en-US\"},{\"@type\":\"Organization\",\"@id\":\"https:\/\/atitlan.org\/#organization\",\"name\":\"Artesanias Santiago Atitlan asa\",\"url\":\"https:\/\/atitlan.org\/\",\"logo\":{\"@type\":\"ImageObject\",\"inLanguage\":\"en-US\",\"@id\":\"https:\/\/atitlan.org\/#\/schema\/logo\/image\/\",\"url\":\"https:\/\/atitlan.org\/wp-content\/uploads\/2025\/09\/logo-atitlan-org.jpg\",\"contentUrl\":\"https:\/\/atitlan.org\/wp-content\/uploads\/2025\/09\/logo-atitlan-org.jpg\",\"width\":220,\"height\":100,\"caption\":\"Artesanias Santiago Atitlan asa\"},\"image\":{\"@id\":\"https:\/\/atitlan.org\/#\/schema\/logo\/image\/\"},\"sameAs\":[\"https:\/\/www.facebook.com\/artesaniassantiagoatitlan\",\"https:\/\/x.com\/santiagoatitlan\"]}]}<\/script>\n<!-- \/ Yoast SEO plugin. -->","yoast_head_json":{"title":"Artesanias - Artesanias Santiago Atitlan asa","robots":{"index":"index","follow":"follow","max-snippet":"max-snippet:-1","max-image-preview":"max-image-preview:large","max-video-preview":"max-video-preview:-1"},"canonical":"https:\/\/atitlan.org\/en\/inicio\/","og_locale":"en_US","og_type":"article","og_title":"Artesanias - Artesanias Santiago Atitlan asa","og_url":"https:\/\/atitlan.org\/en\/inicio\/","og_site_name":"Artesanias Santiago Atitlan asa","article_publisher":"https:\/\/www.facebook.com\/artesaniassantiagoatitlan","article_modified_time":"2023-01-29T11:02:35+00:00","twitter_card":"summary_large_image","twitter_site":"@santiagoatitlan","schema":{"@context":"https:\/\/schema.org","@graph":[{"@type":"WebPage","@id":"https:\/\/atitlan.org\/inicio\/","url":"https:\/\/atitlan.org\/inicio\/","name":"Artesanias - Artesanias Santiago Atitlan asa","isPartOf":{"@id":"https:\/\/atitlan.org\/#website"},"datePublished":"2021-09-12T04:59:21+00:00","dateModified":"2023-01-29T11:02:35+00:00","breadcrumb":{"@id":"https:\/\/atitlan.org\/inicio\/#breadcrumb"},"inLanguage":"en-US","potentialAction":[{"@type":"ReadAction","target":["https:\/\/atitlan.org\/inicio\/"]}]},{"@type":"BreadcrumbList","@id":"https:\/\/atitlan.org\/inicio\/#breadcrumb","itemListElement":[{"@type":"ListItem","position":1,"name":"Portada","item":"https:\/\/atitlan.org\/"},{"@type":"ListItem","position":2,"name":"Artesanias"}]},{"@type":"WebSite","@id":"https:\/\/atitlan.org\/#website","url":"https:\/\/atitlan.org\/","name":"Artesanias Santiago Atitlan asa","description":"venta dise\u00f1o exportacion artesanias","publisher":{"@id":"https:\/\/atitlan.org\/#organization"},"potentialAction":[{"@type":"SearchAction","target":{"@type":"EntryPoint","urlTemplate":"https:\/\/atitlan.org\/?s={search_term_string}"},"query-input":{"@type":"PropertyValueSpecification","valueRequired":true,"valueName":"search_term_string"}}],"inLanguage":"en-US"},{"@type":"Organization","@id":"https:\/\/atitlan.org\/#organization","name":"Artesanias Santiago Atitlan asa","url":"https:\/\/atitlan.org\/","logo":{"@type":"ImageObject","inLanguage":"en-US","@id":"https:\/\/atitlan.org\/#\/schema\/logo\/image\/","url":"https:\/\/atitlan.org\/wp-content\/uploads\/2025\/09\/logo-atitlan-org.jpg","contentUrl":"https:\/\/atitlan.org\/wp-content\/uploads\/2025\/09\/logo-atitlan-org.jpg","width":220,"height":100,"caption":"Artesanias Santiago Atitlan asa"},"image":{"@id":"https:\/\/atitlan.org\/#\/schema\/logo\/image\/"},"sameAs":["https:\/\/www.facebook.com\/artesaniassantiagoatitlan","https:\/\/x.com\/santiagoatitlan"]}]}},"jetpack_sharing_enabled":true,"_links":{"self":[{"href":"https:\/\/atitlan.org\/en\/wp-json\/wp\/v2\/pages\/17","targetHints":{"allow":["GET"]}}],"collection":[{"href":"https:\/\/atitlan.org\/en\/wp-json\/wp\/v2\/pages"}],"about":[{"href":"https:\/\/atitlan.org\/en\/wp-json\/wp\/v2\/types\/page"}],"author":[{"embeddable":true,"href":"https:\/\/atitlan.org\/en\/wp-json\/wp\/v2\/users\/1"}],"replies":[{"embeddable":true,"href":"https:\/\/atitlan.org\/en\/wp-json\/wp\/v2\/comments?post=17"}],"version-history":[{"count":38,"href":"https:\/\/atitlan.org\/en\/wp-json\/wp\/v2\/pages\/17\/revisions"}],"predecessor-version":[{"id":155,"href":"https:\/\/atitlan.org\/en\/wp-json\/wp\/v2\/pages\/17\/revisions\/155"}],"wp:attachment":[{"href":"https:\/\/atitlan.org\/en\/wp-json\/wp\/v2\/media?parent=17"}],"curies":[{"name":"wp","href":"https:\/\/api.w.org\/{rel}","templated":true}]}}